{"id":378,"date":"2017-12-15T16:35:05","date_gmt":"2017-12-15T21:35:05","guid":{"rendered":"http:\/\/fondationailesdupapillon.imagemarketing.ca\/es\/?page_id=378"},"modified":"2022-04-29T20:30:11","modified_gmt":"2022-04-30T00:30:11","slug":"nos-partenaires","status":"publish","type":"page","link":"https:\/\/fondationailesdupapillon.com\/fr\/nos-partenaires\/","title":{"rendered":"Nos Partenaires"},"content":{"rendered":"\t\t<div data-elementor-type=\"wp-post\" data-elementor-id=\"378\" class=\"elementor elementor-378\" data-elementor-post-type=\"page\">\n\t\t\t\t\t\t<section class=\"elementor-section elementor-top-section elementor-element elementor-element-d273632 elementor-section-boxed elementor-section-height-default elementor-section-height-default\" data-id=\"d273632\" data-element_type=\"section\" data-e-type=\"section\">\n\t\t\t\t\t\t<div class=\"elementor-container elementor-column-gap-default\">\n\t\t\t\t\t<div class=\"elementor-column elementor-col-50 elementor-top-column elementor-element elementor-element-fd72104\" data-id=\"fd72104\" data-element_type=\"column\" data-e-type=\"column\">\n\t\t\t<div class=\"elementor-widget-wrap elementor-element-populated\">\n\t\t\t\t\t\t<div class=\"elementor-element elementor-element-047f52a elementor-widget elementor-widget-image\" data-id=\"047f52a\" data-element_type=\"widget\" data-e-type=\"widget\" data-widget_type=\"image.default\">\n\t\t\t\t<div class=\"elementor-widget-container\">\n\t\t\t\t\t\t\t\t\t\t\t\t\t\t\t<img decoding=\"async\" width=\"210\" height=\"104\" src=\"https:\/\/fondationailesdupapillon.com\/wp-content\/uploads\/2018\/07\/logo_CRME_footer.png\" class=\"attachment-medium size-medium wp-image-485\" alt=\"FONDATION AILES DU PAPILLON - Nos collaborateurs - Centre Marie Enfant\" \/>\t\t\t\t\t\t\t\t\t\t\t\t\t\t\t<\/div>\n\t\t\t\t<\/div>\n\t\t\t\t<div class=\"elementor-element elementor-element-fdc399a elementor-widget elementor-widget-heading\" data-id=\"fdc399a\" data-element_type=\"widget\" data-e-type=\"widget\" data-widget_type=\"heading.default\">\n\t\t\t\t<div class=\"elementor-widget-container\">\n\t\t\t\t\t<h3 class=\"elementor-heading-title elementor-size-default\"><a href=\"https:\/\/readaptation.chusj.org\/fr\/Decouvrez-nous\/Qui-sommes-nous-\/Notre-mission\">Centre de r\u00e9adaptation Marie-Enfant<\/a><\/h3>\t\t\t\t<\/div>\n\t\t\t\t<\/div>\n\t\t\t\t<div class=\"elementor-element elementor-element-8217232 elementor-widget elementor-widget-text-editor\" data-id=\"8217232\" data-element_type=\"widget\" data-e-type=\"widget\" data-widget_type=\"text-editor.default\">\n\t\t\t\t<div class=\"elementor-widget-container\">\n\t\t\t\t\t\t\t\t\t<p>Le Centre de r\u00e9adaptation Marie Enfant du CHU Sainte-Justine offre des services sp\u00e9cialis\u00e9s et sursp\u00e9cialis\u00e9s d\u2019adaptation-r\u00e9adaptation, d\u2019int\u00e9gration et de participation sociales aux nouveau-n\u00e9s, aux enfants et aux adolescents pr\u00e9sentant une d\u00e9ficience motrice ou une d\u00e9ficience du langage.<\/p>\n<p>\u00a0<\/p>\t\t\t\t\t\t\t\t<\/div>\n\t\t\t\t<\/div>\n\t\t\t\t\t<\/div>\n\t\t<\/div>\n\t\t\t\t<div class=\"elementor-column elementor-col-50 elementor-top-column elementor-element elementor-element-ba306b3\" data-id=\"ba306b3\" data-element_type=\"column\" data-e-type=\"column\">\n\t\t\t<div class=\"elementor-widget-wrap elementor-element-populated\">\n\t\t\t\t\t\t<div class=\"elementor-element elementor-element-125b20f elementor-widget elementor-widget-image\" data-id=\"125b20f\" data-element_type=\"widget\" data-e-type=\"widget\" data-widget_type=\"image.default\">\n\t\t\t\t<div class=\"elementor-widget-container\">\n\t\t\t\t\t\t\t\t\t\t\t\t\t\t\t<img fetchpriority=\"high\" decoding=\"async\" width=\"300\" height=\"175\" src=\"https:\/\/fondationailesdupapillon.com\/wp-content\/uploads\/2018\/07\/l-mab-mackay-1-300x175.png\" class=\"attachment-medium size-medium wp-image-486\" alt=\"FONDATION AILES DU PAPILLON - Nos collaborateurs - Centre Mackay\" srcset=\"https:\/\/fondationailesdupapillon.com\/wp-content\/uploads\/2018\/07\/l-mab-mackay-1-300x175.png 300w, https:\/\/fondationailesdupapillon.com\/wp-content\/uploads\/2018\/07\/l-mab-mackay-1.png 480w\" sizes=\"(max-width: 300px) 100vw, 300px\" \/>\t\t\t\t\t\t\t\t\t\t\t\t\t\t\t<\/div>\n\t\t\t\t<\/div>\n\t\t\t\t<div class=\"elementor-element elementor-element-0590a29 elementor-widget elementor-widget-heading\" data-id=\"0590a29\" data-element_type=\"widget\" data-e-type=\"widget\" data-widget_type=\"heading.default\">\n\t\t\t\t<div class=\"elementor-widget-container\">\n\t\t\t\t\t<h3 class=\"elementor-heading-title elementor-size-default\"><a href=\"http:\/\/www.mabmackay.ca\/pages\/39\/Mission?langue=fr&#038;menu=4&#038;sousmenu=2\">Centre de r\u00e9adaptation MAB-MacKay<\/a><\/h3>\t\t\t\t<\/div>\n\t\t\t\t<\/div>\n\t\t\t\t<div class=\"elementor-element elementor-element-b5da74c elementor-widget elementor-widget-text-editor\" data-id=\"b5da74c\" data-element_type=\"widget\" data-e-type=\"widget\" data-widget_type=\"text-editor.default\">\n\t\t\t\t<div class=\"elementor-widget-container\">\n\t\t\t\t\t\t\t\t\t<p>Le Centre de r\u00e9adaptation MAB-Mackay (<abbr title=\"Centre de r\u00e9adaptation MAB-Mackay\">CRMM<\/abbr>) a pour mission d\u2019aider ses clients \u00e0 maximiser leur autonomie et leur participation \u00e0 la vie de leur communaut\u00e9 et ce, dans le but d\u2019am\u00e9liorer leur qualit\u00e9 de vie.<\/p>\n<p>\u00a0<\/p>\t\t\t\t\t\t\t\t<\/div>\n\t\t\t\t<\/div>\n\t\t\t\t\t<\/div>\n\t\t<\/div>\n\t\t\t\t\t<\/div>\n\t\t<\/section>\n\t\t\t\t<section class=\"elementor-section elementor-top-section elementor-element elementor-element-828c476 elementor-section-boxed elementor-section-height-default elementor-section-height-default\" data-id=\"828c476\" data-element_type=\"section\" data-e-type=\"section\">\n\t\t\t\t\t\t<div class=\"elementor-container elementor-column-gap-default\">\n\t\t\t\t\t<div class=\"elementor-column elementor-col-50 elementor-top-column elementor-element elementor-element-5a17981\" data-id=\"5a17981\" data-element_type=\"column\" data-e-type=\"column\" data-settings=\"{&quot;background_background&quot;:&quot;classic&quot;,&quot;background_motion_fx_motion_fx_mouse&quot;:&quot;yes&quot;,&quot;background_motion_fx_mouseTrack_effect&quot;:&quot;yes&quot;,&quot;background_motion_fx_mouseTrack_speed&quot;:{&quot;unit&quot;:&quot;px&quot;,&quot;size&quot;:1.6000000000000001,&quot;sizes&quot;:[]}}\">\n\t\t\t<div class=\"elementor-widget-wrap elementor-element-populated\">\n\t\t\t\t\t<div class=\"elementor-background-overlay\"><\/div>\n\t\t\t\t\t\t<div class=\"elementor-element elementor-element-3528727 elementor-widget elementor-widget-heading\" data-id=\"3528727\" data-element_type=\"widget\" data-e-type=\"widget\" data-widget_type=\"heading.default\">\n\t\t\t\t<div class=\"elementor-widget-container\">\n\t\t\t\t\t<h4 class=\"elementor-heading-title elementor-size-default\">Vous aimeriez parrainer une fondation active?<\/h4>\t\t\t\t<\/div>\n\t\t\t\t<\/div>\n\t\t\t\t\t<\/div>\n\t\t<\/div>\n\t\t\t\t<div class=\"elementor-column elementor-col-50 elementor-top-column elementor-element elementor-element-6d1d42e\" data-id=\"6d1d42e\" data-element_type=\"column\" data-e-type=\"column\" data-settings=\"{&quot;background_background&quot;:&quot;classic&quot;}\">\n\t\t\t<div class=\"elementor-widget-wrap elementor-element-populated\">\n\t\t\t\t\t\t<div class=\"elementor-element elementor-element-b15623b elementor-widget elementor-widget-text-editor\" data-id=\"b15623b\" data-element_type=\"widget\" data-e-type=\"widget\" data-widget_type=\"text-editor.default\">\n\t\t\t\t<div class=\"elementor-widget-container\">\n\t\t\t\t\t\t\t\t\t<p>Rejoignez notre cause et participez en tant que partenaire officiel. D\u00e9couvrez nos programmes et choisissez celui qui vous convient le mieux!<\/p>\t\t\t\t\t\t\t\t<\/div>\n\t\t\t\t<\/div>\n\t\t\t\t<div class=\"elementor-element elementor-element-8aee656 elementor-align-center elementor-widget elementor-widget-button\" data-id=\"8aee656\" data-element_type=\"widget\" data-e-type=\"widget\" data-widget_type=\"button.default\">\n\t\t\t\t<div class=\"elementor-widget-container\">\n\t\t\t\t\t\t\t\t\t<div class=\"elementor-button-wrapper\">\n\t\t\t\t\t<a class=\"elementor-button elementor-button-link elementor-size-sm\" href=\"https:\/\/fondationailesdupapillon.com\/contact\/\">\n\t\t\t\t\t\t<span class=\"elementor-button-content-wrapper\">\n\t\t\t\t\t\t\t\t\t<span class=\"elementor-button-text\">Contactez-nous<\/span>\n\t\t\t\t\t<\/span>\n\t\t\t\t\t<\/a>\n\t\t\t\t<\/div>\n\t\t\t\t\t\t\t\t<\/div>\n\t\t\t\t<\/div>\n\t\t\t\t\t<\/div>\n\t\t<\/div>\n\t\t\t\t\t<\/div>\n\t\t<\/section>\n\t\t\t\t<section class=\"elementor-section elementor-top-section elementor-element elementor-element-330e7a1e elementor-section-stretched elementor-section-height-min-height elementor-section-boxed elementor-section-height-default elementor-section-items-middle\" data-id=\"330e7a1e\" data-element_type=\"section\" data-e-type=\"section\" data-settings=\"{&quot;stretch_section&quot;:&quot;section-stretched&quot;,&quot;background_background&quot;:&quot;classic&quot;}\">\n\t\t\t\t\t\t\t<div class=\"elementor-background-overlay\"><\/div>\n\t\t\t\t\t\t\t<div class=\"elementor-container elementor-column-gap-default\">\n\t\t\t\t\t<div class=\"elementor-column elementor-col-100 elementor-top-column elementor-element elementor-element-548c4f2e\" data-id=\"548c4f2e\" data-element_type=\"column\" data-e-type=\"column\">\n\t\t\t<div class=\"elementor-widget-wrap elementor-element-populated\">\n\t\t\t\t\t\t<div class=\"elementor-element elementor-element-273e5ae4 elementor-widget elementor-widget-heading\" data-id=\"273e5ae4\" data-element_type=\"widget\" data-e-type=\"widget\" data-widget_type=\"heading.default\">\n\t\t\t\t<div class=\"elementor-widget-container\">\n\t\t\t\t\t<h3 class=\"elementor-heading-title elementor-size-default\">Aidez-nous \u00e0 aider les enfants<\/h3>\t\t\t\t<\/div>\n\t\t\t\t<\/div>\n\t\t\t\t<div class=\"elementor-element elementor-element-5e5fd648 elementor-widget elementor-widget-text-editor\" data-id=\"5e5fd648\" data-element_type=\"widget\" data-e-type=\"widget\" data-widget_type=\"text-editor.default\">\n\t\t\t\t<div class=\"elementor-widget-container\">\n\t\t\t\t\t\t\t\t\t<p style=\"text-align: center;\">Faites un don et contribuez au financement d&rsquo;\u00e9quipement et activit\u00e9s pour les enfants vivant avec des troubles neuromusculaires afin d&rsquo;am\u00e9liorer leur qualit\u00e9 de vie.<\/p>\t\t\t\t\t\t\t\t<\/div>\n\t\t\t\t<\/div>\n\t\t\t\t<div class=\"elementor-element elementor-element-15497fbc elementor-align-center elementor-widget elementor-widget-button\" data-id=\"15497fbc\" data-element_type=\"widget\" data-e-type=\"widget\" data-widget_type=\"button.default\">\n\t\t\t\t<div class=\"elementor-widget-container\">\n\t\t\t\t\t\t\t\t\t<div class=\"elementor-button-wrapper\">\n\t\t\t\t\t<a class=\"elementor-button elementor-button-link elementor-size-sm\" href=\"#\">\n\t\t\t\t\t\t<span class=\"elementor-button-content-wrapper\">\n\t\t\t\t\t\t\t\t\t<span class=\"elementor-button-text\">Faire un don<\/span>\n\t\t\t\t\t<\/span>\n\t\t\t\t\t<\/a>\n\t\t\t\t<\/div>\n\t\t\t\t\t\t\t\t<\/div>\n\t\t\t\t<\/div>\n\t\t\t\t\t<\/div>\n\t\t<\/div>\n\t\t\t\t\t<\/div>\n\t\t<\/section>\n\t\t\t\t<\/div>\n\t\t","protected":false},"excerpt":{"rendered":"<p>Centre de r\u00e9adaptation Marie-Enfant Le Centre de r\u00e9adaptation Marie Enfant du CHU Sainte-Justine offre des services sp\u00e9cialis\u00e9s et sursp\u00e9cialis\u00e9s d\u2019adaptation-r\u00e9adaptation,&hellip;<\/p>\n","protected":false},"author":1,"featured_media":0,"parent":0,"menu_order":0,"comment_status":"closed","ping_status":"closed","template":"","meta":{"_monsterinsights_skip_tracking":false,"_monsterinsights_sitenote_active":false,"_monsterinsights_sitenote_note":"","_monsterinsights_sitenote_category":0,"footnotes":""},"class_list":["post-378","page","type-page","status-publish","hentry"],"_links":{"self":[{"href":"https:\/\/fondationailesdupapillon.com\/fr\/wp-json\/wp\/v2\/pages\/378","targetHints":{"allow":["GET"]}}],"collection":[{"href":"https:\/\/fondationailesdupapillon.com\/fr\/wp-json\/wp\/v2\/pages"}],"about":[{"href":"https:\/\/fondationailesdupapillon.com\/fr\/wp-json\/wp\/v2\/types\/page"}],"author":[{"embeddable":true,"href":"https:\/\/fondationailesdupapillon.com\/fr\/wp-json\/wp\/v2\/users\/1"}],"replies":[{"embeddable":true,"href":"https:\/\/fondationailesdupapillon.com\/fr\/wp-json\/wp\/v2\/comments?post=378"}],"version-history":[{"count":18,"href":"https:\/\/fondationailesdupapillon.com\/fr\/wp-json\/wp\/v2\/pages\/378\/revisions"}],"predecessor-version":[{"id":12246,"href":"https:\/\/fondationailesdupapillon.com\/fr\/wp-json\/wp\/v2\/pages\/378\/revisions\/12246"}],"wp:attachment":[{"href":"https:\/\/fondationailesdupapillon.com\/fr\/wp-json\/wp\/v2\/media?parent=378"}],"curies":[{"name":"wp","href":"https:\/\/api.w.org\/{rel}","templated":true}]}}