{"id":375,"date":"2017-12-15T16:30:19","date_gmt":"2017-12-15T21:30:19","guid":{"rendered":"http:\/\/fondationailesdupapillon.imagemarketing.ca\/es\/?page_id=375"},"modified":"2019-02-18T11:24:12","modified_gmt":"2019-02-18T16:24:12","slug":"devenir-membre","status":"publish","type":"page","link":"https:\/\/fondationailesdupapillon.com\/fr\/devenir-membre\/","title":{"rendered":"Devenir Membre"},"content":{"rendered":"\n\t<h3>Nouveaut\u00e9s<\/h3>\t\t\n\t\t\t<p>Soyez parmi les premiers \u00e0 \u00eatre initi\u00e9s aux nouvelles et aux \u00e9v\u00e9nements.<\/p>\n\t<h3>Inscriptions h\u00e2tives<\/h3>\t\t\n\t\t\t<p>Faites partie de la premi\u00e8re vague d&rsquo;inscription et profitez des tarifs pr\u00e9f\u00e9rentiels lors de nos \u00e9v\u00e9nements sp\u00e9ciaux!<\/p>\n\t<h3>Rabais pour les membres<\/h3>\t\t\n\t\t\t<p>Profitez des rabais sur les produits ou services offerts par notre r\u00e9seau de partenaires participants.<\/p>\n\t\t<h3><a href=\"https:\/\/fondationailesdupapillon.com\/nos-partenaires\/\" target=\"_self\">Donnez et recevez!<\/a><\/h3>\t\t\n\t\t\t<p>Du Nouveau! Il est important de reconna\u00eetre votre participation \u00e0 une cause aussi importante. C&rsquo;est pour cette raison que nous avons cr\u00e9\u00e9 un programme d&rsquo;escomptes avec nos partenaires participants pour vous remercier!<\/p>\n\t\t\t<a href=\"https:\/\/fondationailesdupapillon.com\/nos-partenaires\/\" target=\"_self\" role=\"button\">\n\t\t\t\t\t\t\tVoir partenaires participants\n\t\t\t\t\t<\/a>\n\t\t<h3><a href=\"https:\/\/fondationailesdupapillon.com\/contact\/\" target=\"_self\">Devenir membre<\/a><\/h3>\t\t\n\t\t\t<p>Communiquez avec nous d\u00e8s aujourd&rsquo;hui pour conna\u00eetre tous les d\u00e9tails des abonnements.<\/p>\n\t\t\t<a href=\"https:\/\/fondationailesdupapillon.com\/contact\/\" target=\"_self\" role=\"button\">\n\t\t\t\t\t\t\tContact\n\t\t\t\t\t<\/a>\n\t\t<h3>Aidez-nous \u00e0 aider les enfants<\/h3>\n\t\t<p>Faites un don et contribuez au financement d&rsquo;\u00e9quipement et activit\u00e9s pour les enfants vivant avec des troubles neuromusculaires afin d&rsquo;am\u00e9liorer leur qualit\u00e9 de vie.<\/p>\n\t\t\t<a href=\"https:\/\/fondationailesdupapillon.com\/faire-un-don\/\" target=\"_self\" role=\"button\">\n\t\t\t\t\t\t\tFaire un don\n\t\t\t\t\t<\/a>\n","protected":false},"excerpt":{"rendered":"","protected":false},"author":1,"featured_media":0,"parent":0,"menu_order":0,"comment_status":"closed","ping_status":"closed","template":"","meta":{"_monsterinsights_skip_tracking":false,"_monsterinsights_sitenote_active":false,"_monsterinsights_sitenote_note":"","_monsterinsights_sitenote_category":0,"footnotes":""},"class_list":["post-375","page","type-page","status-publish","hentry"],"_links":{"self":[{"href":"https:\/\/fondationailesdupapillon.com\/fr\/wp-json\/wp\/v2\/pages\/375","targetHints":{"allow":["GET"]}}],"collection":[{"href":"https:\/\/fondationailesdupapillon.com\/fr\/wp-json\/wp\/v2\/pages"}],"about":[{"href":"https:\/\/fondationailesdupapillon.com\/fr\/wp-json\/wp\/v2\/types\/page"}],"author":[{"embeddable":true,"href":"https:\/\/fondationailesdupapillon.com\/fr\/wp-json\/wp\/v2\/users\/1"}],"replies":[{"embeddable":true,"href":"https:\/\/fondationailesdupapillon.com\/fr\/wp-json\/wp\/v2\/comments?post=375"}],"version-history":[{"count":7,"href":"https:\/\/fondationailesdupapillon.com\/fr\/wp-json\/wp\/v2\/pages\/375\/revisions"}],"predecessor-version":[{"id":579,"href":"https:\/\/fondationailesdupapillon.com\/fr\/wp-json\/wp\/v2\/pages\/375\/revisions\/579"}],"wp:attachment":[{"href":"https:\/\/fondationailesdupapillon.com\/fr\/wp-json\/wp\/v2\/media?parent=375"}],"curies":[{"name":"wp","href":"https:\/\/api.w.org\/{rel}","templated":true}]}}