{"id":339,"date":"2017-11-09T13:07:53","date_gmt":"2017-11-09T18:07:53","guid":{"rendered":"http:\/\/fondationailesdupapillon.imagemarketing.ca\/es\/?page_id=339"},"modified":"2018-01-25T14:42:49","modified_gmt":"2018-01-25T19:42:49","slug":"confidentialite","status":"publish","type":"page","link":"https:\/\/fondationailesdupapillon.com\/fr\/a-propos\/confidentialite\/","title":{"rendered":"Confidentialit\u00e9"},"content":{"rendered":"<p>Chez\u00a0<a href=\"https:\/\/fondationailesdupapillon.com\">Fondation Ailes Du Papillon<\/a>, nous avons le respect du client \u00e0 c\u0153ur.<\/p>\n<p>Conscients de vos pr\u00e9occupations au sujet de la protection de votre vie priv\u00e9e, nous avons affich\u00e9 cette politique de confidentialit\u00e9 afin de vous informer au sujet des renseignements personnels que nous recueillons, de la mani\u00e8re dont nous les traitons, des options dont vous disposez au sujet de notre utilisation de vos renseignements personnels et de la mani\u00e8re dont vous pouvez acc\u00e9der \u00e0 ceux-ci.<\/p>\n<p>La pr\u00e9sente politique de confidentialit\u00e9 s\u2019applique aux renseignements personnels que nous recueillons par l\u2019entremise de ce site Web.<\/p>\n<hr \/>\n<h3><strong>Collecte et utilisation des renseignements personnels<\/strong><\/h3>\n<p>Vous pouvez parcourir notre site Web sans avoir \u00e0 nous communiquer quelque renseignement personnel que ce soit.<\/p>\n<p>Cependant, nous sommes amen\u00e9s \u00e0 recueillir des renseignements personnels dans le cas o\u00f9 vous transmettez un commentaire ou une question au service \u00e0 la client\u00e8le par courrier \u00e9lectronique ou par l&rsquo;entremise de notre service de clavardage.<\/p>\n<hr \/>\n<h3><strong>Service \u00e0 la client\u00e8le<\/strong><\/h3>\n<p>Lorsque vous transmettez un commentaire ou une question au service \u00e0 la client\u00e8le par courriel, nous pouvons recueillir des renseignements personnels tels que vos nom, adresse postale ou courriel et (ou) num\u00e9ro de t\u00e9l\u00e9phone afin d\u2019\u00eatre en mesure de r\u00e9pondre \u00e0 votre commentaire ou \u00e0 votre question. Nous recueillons aussi divers types de renseignements que vous nous fournissez afin de nous permettre de r\u00e9pondre \u00e0 votre question.<\/p>\n<hr \/>\n<h3><strong>Communication des renseignements personnels<\/strong><\/h3>\n<p>Sauf indication contraire des pr\u00e9sentes, nous nous engageons \u00e0 ne pas divulguer, louer, vendre ou c\u00e9der \u00e0 des tiers, ni \u00e9changer avec des tiers, les renseignements personnels concernant nos clients, sans avoir obtenu au pr\u00e9alable leur consentement.<\/p>\n<hr \/>\n<h3><strong>Fournisseurs de services<\/strong><\/h3>\n<p>Nous pouvons \u00eatre amen\u00e9s \u00e0 communiquer vos renseignements personnels \u00e0 des tiers qui fournissent des services pour notre compte, tels que le traitement des paiements, l\u2019h\u00e9bergement de notre site Web, la transmission de courriels ou d\u2019autres communications pour notre compte, l\u2019organisation des concours et promotions ou l\u2019analyse de l\u2019efficacit\u00e9 de notre strat\u00e9gie publicitaire. Vos renseignements personnels peuvent \u00eatre conserv\u00e9s et trait\u00e9s aux \u00c9tats-Unis par des soci\u00e9t\u00e9s membres de notre groupe et des fournisseurs de services tiers.<\/p>\n<p>Ces fournisseurs de services sont li\u00e9s par des conventions de non-divulgation et des restrictions l\u00e9gales r\u00e9gissant leur utilisation des renseignements que nous leur communiquons, et ils ne sont pas autoris\u00e9s \u00e0 utiliser ou \u00e0 divulguer des renseignements personnels \u00e0 d\u2019autres fins que la prestation des services pour notre compte ou selon ce qui est autrement exig\u00e9 par la loi applicable.<\/p>\n<hr \/>\n<h3><strong>Obligations pr\u00e9vues par la loi<\/strong><\/h3>\n<p>Nos fournisseurs de services et nous serons contraints de communiquer vos renseignements personnels dans le cadre d\u2019un mandat de perquisition ou d\u2019une enqu\u00eate ou ordonnance valide pr\u00e9vus par la loi ou afin de r\u00e9pondre \u00e0 un organisme d\u2019enqu\u00eate en cas de violation d\u2019un contrat ou de contravention \u00e0 une loi, ou autrement en vertu d\u2019une loi applicable.<\/p>\n<hr \/>\n<h3><strong>S\u00e9curit\u00e9 des renseignements personnels<\/strong><\/h3>\n<p>Nous sommes conscients que nos clients nous font confiance en ce qui concerne la protection de leurs renseignements personnels. Nous prenons cette t\u00e2che au s\u00e9rieux. Nous avons pris des mesures visant \u00e0 prot\u00e9ger les renseignements personnels dont nous avons la garde et le contr\u00f4le. Ainsi, nous n\u2019autorisons l\u2019acc\u00e8s \u00e0 des renseignements personnels qu\u2019\u00e0 ceux de nos employ\u00e9s et de nos fournisseurs de services autoris\u00e9s qui ont besoin de ces renseignements aux fins d\u00e9crites dans la pr\u00e9sente politique de confidentialit\u00e9.<\/p>\n<p>Nonobstant ce qui pr\u00e9c\u00e8de, vous devez savoir que, malheureusement aucune transmission de donn\u00e9es sur Internet ne peut \u00eatre consid\u00e9r\u00e9e comme absolument s\u00fbre. Par cons\u00e9quent,\u00a0<a href=\"https:\/\/fondationailesdupapillon.com\">Fondation Ailes Du Papillon<\/a>, ne d\u00e9clare et ne garantit aucunement que les renseignements personnels ne seront pas perdus, mal utilis\u00e9s ou modifi\u00e9s, et elle n\u2019assume aucune responsabilit\u00e9 \u00e0 l\u2019\u00e9gard des renseignements personnels que vous lui transmettez, ni \u00e0 l\u2019\u00e9gard de l\u2019utilisation ou de la mauvaise utilisation des renseignements personnels par vous ou des tiers.<\/p>\n<hr \/>\n<h3><strong>Modifications \u00e0 notre politique de confidentialit\u00e9<\/strong><\/h3>\n<p>Cette politique de confidentialit\u00e9 peut \u00eatre mise \u00e0 jour p\u00e9riodiquement en fonction des changements survenus dans nos pratiques en mati\u00e8re de protection des renseignements personnels. La politique de confidentialit\u00e9 ainsi r\u00e9vis\u00e9e sera affich\u00e9e sur le site Web. Nous traiterons vos renseignements personnels conform\u00e9ment \u00e0 la politique de confidentialit\u00e9 en vigueur au moment de la collecte de ces renseignements, ou de la mani\u00e8re convenue avec vous.<\/p>\n<hr \/>\n<h3><strong>Pour nous joindre<\/strong><\/h3>\n<p>Vous pouvez communiquer avec nous en tout temps aux coordonn\u00e9es indiqu\u00e9es ci-dessous dans les cas suivants : vous avez des questions ou des commentaires au sujet de cette politique de confidentialit\u00e9, ou vous avez une plainte \u00e0 formuler au sujet de la mani\u00e8re dont nous traitons vos renseignements personnels.<\/p>\n<hr \/>\n<h3><strong>Fondation Ailes Du Papillon<\/strong><\/h3>\n<p>C.P. 207, Succ. Saint-Laurent Ville Saint-Laurent (Qu\u00e9bec) H4L 4V5<br \/>\n<a href=\"tel:514-508-9798\">514-508-9798<\/a><br \/>\n<a href=\"mailto:Info@FondationAilesDuPapillon.com\">Info@FondationAilesDuPapillon.com<\/a><\/p>\n","protected":false},"excerpt":{"rendered":"<p>Chez\u00a0Fondation Ailes Du Papillon, nous avons le respect du client \u00e0 c\u0153ur. Conscients de vos pr\u00e9occupations au sujet de la&hellip;<\/p>\n","protected":false},"author":1,"featured_media":0,"parent":2,"menu_order":0,"comment_status":"closed","ping_status":"closed","template":"","meta":{"_monsterinsights_skip_tracking":false,"_monsterinsights_sitenote_active":false,"_monsterinsights_sitenote_note":"","_monsterinsights_sitenote_category":0,"footnotes":""},"class_list":["post-339","page","type-page","status-publish","hentry"],"_links":{"self":[{"href":"https:\/\/fondationailesdupapillon.com\/fr\/wp-json\/wp\/v2\/pages\/339","targetHints":{"allow":["GET"]}}],"collection":[{"href":"https:\/\/fondationailesdupapillon.com\/fr\/wp-json\/wp\/v2\/pages"}],"about":[{"href":"https:\/\/fondationailesdupapillon.com\/fr\/wp-json\/wp\/v2\/types\/page"}],"author":[{"embeddable":true,"href":"https:\/\/fondationailesdupapillon.com\/fr\/wp-json\/wp\/v2\/users\/1"}],"replies":[{"embeddable":true,"href":"https:\/\/fondationailesdupapillon.com\/fr\/wp-json\/wp\/v2\/comments?post=339"}],"version-history":[{"count":5,"href":"https:\/\/fondationailesdupapillon.com\/fr\/wp-json\/wp\/v2\/pages\/339\/revisions"}],"predecessor-version":[{"id":423,"href":"https:\/\/fondationailesdupapillon.com\/fr\/wp-json\/wp\/v2\/pages\/339\/revisions\/423"}],"up":[{"embeddable":true,"href":"https:\/\/fondationailesdupapillon.com\/fr\/wp-json\/wp\/v2\/pages\/2"}],"wp:attachment":[{"href":"https:\/\/fondationailesdupapillon.com\/fr\/wp-json\/wp\/v2\/media?parent=339"}],"curies":[{"name":"wp","href":"https:\/\/api.w.org\/{rel}","templated":true}]}}