{"id":160,"date":"2017-11-09T10:01:35","date_gmt":"2017-11-09T15:01:35","guid":{"rendered":"http:\/\/fondationailesdupapillon.imagemarketing.ca\/es\/?page_id=160"},"modified":"2019-07-10T14:20:35","modified_gmt":"2019-07-10T18:20:35","slug":"faire-un-don","status":"publish","type":"page","link":"https:\/\/fondationailesdupapillon.com\/fr\/faire-un-don\/","title":{"rendered":"Faire un don"},"content":{"rendered":"\t\t<div data-elementor-type=\"wp-post\" data-elementor-id=\"160\" class=\"elementor elementor-160\" data-elementor-post-type=\"page\">\n\t\t\t\t\t\t<section class=\"elementor-section elementor-top-section elementor-element elementor-element-da24faf elementor-section-height-min-height elementor-section-items-stretch elementor-section-content-middle elementor-section-boxed elementor-section-height-default\" data-id=\"da24faf\" data-element_type=\"section\" data-e-type=\"section\" data-settings=\"{&quot;background_background&quot;:&quot;classic&quot;}\">\n\t\t\t\t\t\t<div class=\"elementor-container elementor-column-gap-default\">\n\t\t\t\t\t<div class=\"elementor-column elementor-col-100 elementor-top-column elementor-element elementor-element-f45963c\" data-id=\"f45963c\" data-element_type=\"column\" data-e-type=\"column\">\n\t\t\t<div class=\"elementor-widget-wrap\">\n\t\t\t\t\t\t\t<\/div>\n\t\t<\/div>\n\t\t\t\t\t<\/div>\n\t\t<\/section>\n\t\t\t\t<section class=\"elementor-section elementor-top-section elementor-element elementor-element-6387740 elementor-section-boxed elementor-section-height-default elementor-section-height-default\" data-id=\"6387740\" data-element_type=\"section\" data-e-type=\"section\">\n\t\t\t\t\t\t<div class=\"elementor-container elementor-column-gap-default\">\n\t\t\t\t\t<div class=\"elementor-column elementor-col-66 elementor-top-column elementor-element elementor-element-2390c30\" data-id=\"2390c30\" data-element_type=\"column\" data-e-type=\"column\">\n\t\t\t<div class=\"elementor-widget-wrap elementor-element-populated\">\n\t\t\t\t\t\t<div class=\"elementor-element elementor-element-dbb6cdf elementor-widget elementor-widget-text-editor\" data-id=\"dbb6cdf\" data-element_type=\"widget\" data-e-type=\"widget\" data-widget_type=\"text-editor.default\">\n\t\t\t\t<div class=\"elementor-widget-container\">\n\t\t\t\t\t\t\t\t\t<p>Voici le type d&rsquo;aide que nous offrons:<\/p>\n<ul>\n<li>Si\u00e8ges sur mesure pour support \u00e0 la posture<\/li>\n<li>Offrir des traitements sp\u00e9cialis\u00e9s (massages th\u00e9rapeutiques, \u00e9quitation th\u00e9rapeutique, etc.)<\/li>\n<li>Contribuer \u00e0 l\u2019adaptation de domicile<\/li>\n<li>Offrir des jouets ou \u00e9quipements sportifs adapt\u00e9s<\/li>\n<li>Appuyer les parents qui ont la charge d\u2019un enfant atteint d\u2019une telle maladie<\/li>\n<li>Moment de r\u00e9pit pour la famille en assurant un personnel m\u00e9dical sp\u00e9cialis\u00e9 pour la garde de l\u2019enfant<\/li>\n<li>Session d\u2019ergoth\u00e9rapie<\/li>\n<li>Cours sp\u00e9cialis\u00e9 de natation<\/li>\n<li>Camp d\u2019\u00e9t\u00e9 adapt\u00e9<\/li>\n<li>Appareil respiratoire pour toux assist\u00e9<\/li>\n<li>Poussette p\u00e9diatrique adapt\u00e9e<\/li>\n<\/ul>\t\t\t\t\t\t\t\t<\/div>\n\t\t\t\t<\/div>\n\t\t\t\t\t<\/div>\n\t\t<\/div>\n\t\t\t\t<div class=\"elementor-column elementor-col-33 elementor-top-column elementor-element elementor-element-43539bb\" data-id=\"43539bb\" data-element_type=\"column\" data-e-type=\"column\">\n\t\t\t<div class=\"elementor-widget-wrap elementor-element-populated\">\n\t\t\t\t\t\t<div class=\"elementor-element elementor-element-4334794 elementor-widget elementor-widget-heading\" data-id=\"4334794\" data-element_type=\"widget\" data-e-type=\"widget\" data-widget_type=\"heading.default\">\n\t\t\t\t<div class=\"elementor-widget-container\">\n\t\t\t\t\t<h2 class=\"elementor-heading-title elementor-size-default\">Faites un don aujourd'hui<\/h2>\t\t\t\t<\/div>\n\t\t\t\t<\/div>\n\t\t\t\t<div class=\"elementor-element elementor-element-53ec4a5 elementor-widget elementor-widget-text-editor\" data-id=\"53ec4a5\" data-element_type=\"widget\" data-e-type=\"widget\" data-widget_type=\"text-editor.default\">\n\t\t\t\t<div class=\"elementor-widget-container\">\n\t\t\t\t\t\t\t\t\t<p>Le saviez-vous? Les fonds de la Fondation proviennent exclusivement de dons, de lev\u00e9es de fonds et de la campagne annuelle de financement. Nous n\u2019avons jamais re\u00e7u de subvention gouvernementale de quelque gouvernement.<\/p>\t\t\t\t\t\t\t\t<\/div>\n\t\t\t\t<\/div>\n\t\t\t\t<div class=\"elementor-element elementor-element-3bb7650 elementor-widget elementor-widget-shortcode\" data-id=\"3bb7650\" data-element_type=\"widget\" data-e-type=\"widget\" data-widget_type=\"shortcode.default\">\n\t\t\t\t<div class=\"elementor-widget-container\">\n\t\t\t\t\t\t\t<div class=\"elementor-shortcode\"><style>\r\n        .wpedon-container .wpedon-select,\r\n        .wpedon-container .wpedon-input {\r\n            width: 171px;\r\n            min-width: 171px;\r\n            max-width: 171px;\r\n        }\r\n    <\/style><div class='wpedon-container wpedon-align-left'><form target='_blank' action='https:\/\/www.paypal.com\/cgi-bin\/webscr' method='post' class='wpedon-form'><input type='hidden' name='cmd' value='_donations' \/><input type='hidden' name='business' value='PHMJTZV8PYGKU' \/><input type='hidden' name='currency_code' value='CAD' \/><input type='hidden' name='notify_url' value='https:\/\/fondationailesdupapillon.com\/wp-admin\/admin-post.php?action=add_wpedon_button_ipn'><input type='hidden' name='lc' value='fr_CA'><input type='hidden' name='bn' value='WPPlugin_SP'><input type='hidden' name='return' value='fondationailesdupapillon.com\/merci\/' \/><input type='hidden' name='cancel_return' value='fondationailesdupapillon.com\/' \/><input class='wpedon_paypalbuttonimage' type='image' src='https:\/\/www.paypal.com\/fr_CA\/i\/btn\/btn_donateCC_LG.gif' border='0' name='submit' alt='Make your payments with PayPal. It is free, secure, effective.' style='border: none;'><img alt='' border='0' style='border:none;display:none;' src='https:\/\/www.paypal.com\/fr_CA\/i\/scr\/pixel.gif' width='1' height='1'><input type='hidden' name='amount' id='amount_793189106ce2841b2144cc295d6d5ab8' value='' \/><input type='hidden' name='price' id='price_793189106ce2841b2144cc295d6d5ab8' value='' \/><input type='hidden' name='item_number' value='' \/><input type='hidden' name='item_name' value='Faire un don' \/><input type='hidden' name='name' value='Faire un don' \/><input type='hidden' name='custom' value='448'><input type='hidden' name='no_shipping' value='0'><input type='hidden' name='no_note' value='0'><input type='hidden' name='currency_code' value='CAD'><\/form><\/div><\/div>\n\t\t\t\t\t\t<\/div>\n\t\t\t\t<\/div>\n\t\t\t\t\t<\/div>\n\t\t<\/div>\n\t\t\t\t\t<\/div>\n\t\t<\/section>\n\t\t\t\t<\/div>\n\t\t","protected":false},"excerpt":{"rendered":"<p>Voici le type d&rsquo;aide que nous offrons: Si\u00e8ges sur mesure pour support \u00e0 la posture Offrir des traitements sp\u00e9cialis\u00e9s (massages&hellip;<\/p>\n","protected":false},"author":1,"featured_media":0,"parent":0,"menu_order":0,"comment_status":"closed","ping_status":"closed","template":"","meta":{"_monsterinsights_skip_tracking":false,"_monsterinsights_sitenote_active":false,"_monsterinsights_sitenote_note":"","_monsterinsights_sitenote_category":0,"footnotes":""},"class_list":["post-160","page","type-page","status-publish","hentry"],"_links":{"self":[{"href":"https:\/\/fondationailesdupapillon.com\/fr\/wp-json\/wp\/v2\/pages\/160","targetHints":{"allow":["GET"]}}],"collection":[{"href":"https:\/\/fondationailesdupapillon.com\/fr\/wp-json\/wp\/v2\/pages"}],"about":[{"href":"https:\/\/fondationailesdupapillon.com\/fr\/wp-json\/wp\/v2\/types\/page"}],"author":[{"embeddable":true,"href":"https:\/\/fondationailesdupapillon.com\/fr\/wp-json\/wp\/v2\/users\/1"}],"replies":[{"embeddable":true,"href":"https:\/\/fondationailesdupapillon.com\/fr\/wp-json\/wp\/v2\/comments?post=160"}],"version-history":[{"count":15,"href":"https:\/\/fondationailesdupapillon.com\/fr\/wp-json\/wp\/v2\/pages\/160\/revisions"}],"predecessor-version":[{"id":1113,"href":"https:\/\/fondationailesdupapillon.com\/fr\/wp-json\/wp\/v2\/pages\/160\/revisions\/1113"}],"wp:attachment":[{"href":"https:\/\/fondationailesdupapillon.com\/fr\/wp-json\/wp\/v2\/media?parent=160"}],"curies":[{"name":"wp","href":"https:\/\/api.w.org\/{rel}","templated":true}]}}