{"id":1456,"date":"2019-07-16T10:03:58","date_gmt":"2019-07-16T14:03:58","guid":{"rendered":"https:\/\/fondationailesdupapillon.com\/sobre-nosotros\/terminos-y-condiciones\/"},"modified":"2019-07-17T10:05:22","modified_gmt":"2019-07-17T14:05:22","slug":"terminos-y-condiciones","status":"publish","type":"page","link":"https:\/\/fondationailesdupapillon.com\/es\/sobre-nosotros\/terminos-y-condiciones\/","title":{"rendered":"Terminos y condiciones"},"content":{"rendered":"<h4><b>Discurso de bienvenida<\/b><\/h4>\n<p>La p\u00e1gina web de la <a href=\"https:\/\/fondationailesdupapillon.com\/es\/\">Fondation Ailes Du Papillon<\/a> le da la bienvenida. Por favor, lea atentamente estos t\u00e9rminos y condiciones de uso antes de utilizar el sitio web o los servicios que ofrece. Al acceder y utilizar el sitio web o los servicios, usted acepta estar obligado por estos t\u00e9rminos y condiciones en su totalidad. Si usted no est\u00e1 de acuerdo con estos T\u00e9rminos de Uso, no podr\u00e1 acceder al Sitio Web ni descargar nada de su contenido.<\/p>\n<h4><b>Propiedad \/ Restricciones de uso<\/b><\/h4>\n<p>La <a href=\"https:\/\/fondationailesdupapillon.com\/es\/\">Fundaci\u00f3n Ailes Du Papillon<\/a> es la propietaria y operadora del sitio web. Todo el contenido, datos, gr\u00e1ficos, fotograf\u00edas, im\u00e1genes, sonidos, v\u00eddeos, software, marcas comerciales, marcas de servicio, nombres comerciales y otra informaci\u00f3n (en conjunto, el &#8220;Contenido&#8221;) de este sitio web son propiedad de <a href=\"https:\/\/fondationailesdupapillon.com\/es\/\">Fondation Ailes Du Papillon<\/a>, sus filiales y\/o terceros licenciantes. El contenido est\u00e1 protegido por las leyes canadienses e internacionales de derechos de autor y marcas registradas.<\/p>\n<p>Salvo lo dispuesto en el presente documento, no podr\u00e1 modificar, copiar, reproducir, publicar, mostrar, transmitir, transmitir, distribuir, mostrar en pantalla, ejecutar, transferir, vender o crear obras derivadas de cualquiera de los Contenidos, sin el previo consentimiento expreso y por escrito de <a href=\"https:\/\/fondationailesdupapillon.com\/es\/\">Fondation Ailes Du Papillon<\/a> podr\u00e1 descargar, imprimir y reproducir los Contenidos para sus propios fines informativos, siempre que conserve todos los avisos de derechos de autor y otros avisos de propiedad (derechos exclusivos) contenidos en los mismos, y que identifique su URL. Queda terminantemente prohibida la reproducci\u00f3n total o parcial del contenido en m\u00faltiples copias, para su reventa o distribuci\u00f3n, sin la autorizaci\u00f3n previa y por escrito de la <a href=\"https:\/\/fondationailesdupapillon.com\/es\/\">Fondation Ailes Du Papillon<\/a>. Si desea obtener permiso por escrito para reproducir el contenido, p\u00f3ngase en contacto con nosotros en <a href=\"mailto:Info@FondationAilesDuPapillon.com\">Info@FondationAilesDuPapillon.com<\/a><\/p>\n<h4><b>Descargo de responsabilidad \/ Limitaci\u00f3n de responsabilidad<\/b><\/h4>\n<p>Aunque hacemos todo lo posible para actualizar y mantener el contenido del sitio web, pueden producirse errores y\/u omisiones.<\/p>\n<p>En consecuencia, este sitio, incluyendo el contenido y los servicios que ofrece, se pone a su disposici\u00f3n &#8220;tal cual&#8221; y sin ninguna garant\u00eda, expresa o impl\u00edcita. <a href=\"https:\/\/fondationailesdupapillon.com\/es\/\">Fondation Ailes Du Papillon<\/a> rechaza cualquier garant\u00eda, expresa o impl\u00edcita, incluyendo, en particular, la garant\u00eda impl\u00edcita y las condiciones de comerciabilidad, la garant\u00eda de idoneidad para un prop\u00f3sito particular, la garant\u00eda de no infracci\u00f3n. <a href=\"https:\/\/fondationailesdupapillon.com\/es\/\">Fondation Ailes Du Papillon<\/a> no garantiza que las funciones de su sitio se ofrezcan sin interrupci\u00f3n, que no contengan errores, virus u otros componentes da\u00f1inos.<\/p>\n<p>En ning\u00fan caso <a href=\"https:\/\/fondationailesdupapillon.com\/es\/\">Fondation Ailes Du Papillon<\/a> ser\u00e1 responsable de ning\u00fan da\u00f1o directo, indirecto, incidental, especial o consecuente que resulte o est\u00e9 relacionado con el uso de la p\u00e1gina web o de sus contenidos o servicios o con la imposibilidad de utilizarlos, incluso en el caso de que <a href=\"https:\/\/fondationailesdupapillon.com\/es\/\">Fondation Ailes Du Papillon<\/a> haya sido advertida de la posibilidad de que se produjeran tales da\u00f1os. La ley aplicable puede prohibir la limitaci\u00f3n o exenci\u00f3n de responsabilidad por da\u00f1os incidentales o consecuentes, por lo que la limitaci\u00f3n o exenci\u00f3n descrita anteriormente puede NO APLICARSE A SU CASO.<\/p>\n<h4><b>Confidencialidad de la informaci\u00f3n personal<\/b><\/h4>\n<p><a href=\"https:\/\/fondationailesdupapillon.com\/es\/\">Fondation Ailes Du Papillon<\/a> respeta su derecho a la protecci\u00f3n de la confidencialidad de sus datos personales. Consulte nuestra Pol\u00edtica de privacidad para obtener m\u00e1s informaci\u00f3n sobre c\u00f3mo recopilamos, utilizamos, divulgamos y gestionamos de otro modo su informaci\u00f3n personal.<\/p>\n<h4><b>Leyes aplicables<\/b><\/h4>\n<p>Estos T\u00e9rminos de Uso ser\u00e1n gobernados por e interpretados de acuerdo con las leyes de la Provincia y las leyes del pa\u00eds aplicables y cualquier disputa ser\u00e1 sometida a una corte de jurisdicci\u00f3n competente en el distrito judicial de la Ciudad donde el contrato ha sido firmado. Si alguna disposici\u00f3n de estos T\u00e9rminos de Uso es ilegal, nula o por cualquier raz\u00f3n inaplicable, entonces esa disposici\u00f3n puede ser separada del resto de estos T\u00e9rminos de Uso y no afectar\u00e1 la validez y aplicabilidad de las disposiciones restantes.<\/p>\n<p>Estas Condiciones de Uso y cualquier otro aviso o declaraci\u00f3n legal publicada en el Sitio Web constituyen el acuerdo completo entre usted y <a href=\"https:\/\/fondationailesdupapillon.com\/es\/\">Fondation Ailes Du Papillon<\/a> con respecto al uso del Sitio Web, incluido su contenido.<\/p>\n<h4><b>Aviso<\/b><\/h4>\n<p>Si tiene alguna pregunta o comentario sobre estas Condiciones de uso, p\u00f3ngase en contacto con <a href=\"mailto:Info@FondationAilesDuPapillon.com\">Info@FondationAilesDuPapillon.com<\/a><\/p>\n","protected":false},"excerpt":{"rendered":"<p>Discurso de bienvenida La p\u00e1gina web de la Fondation Ailes Du Papillon le da la bienvenida. Por favor, lea atentamente&hellip;<\/p>\n","protected":false},"author":1,"featured_media":0,"parent":1445,"menu_order":0,"comment_status":"closed","ping_status":"closed","template":"","meta":{"_monsterinsights_skip_tracking":false,"_monsterinsights_sitenote_active":false,"_monsterinsights_sitenote_note":"","_monsterinsights_sitenote_category":0,"footnotes":""},"class_list":["post-1456","page","type-page","status-publish","hentry"],"_links":{"self":[{"href":"https:\/\/fondationailesdupapillon.com\/es\/wp-json\/wp\/v2\/pages\/1456","targetHints":{"allow":["GET"]}}],"collection":[{"href":"https:\/\/fondationailesdupapillon.com\/es\/wp-json\/wp\/v2\/pages"}],"about":[{"href":"https:\/\/fondationailesdupapillon.com\/es\/wp-json\/wp\/v2\/types\/page"}],"author":[{"embeddable":true,"href":"https:\/\/fondationailesdupapillon.com\/es\/wp-json\/wp\/v2\/users\/1"}],"replies":[{"embeddable":true,"href":"https:\/\/fondationailesdupapillon.com\/es\/wp-json\/wp\/v2\/comments?post=1456"}],"version-history":[{"count":2,"href":"https:\/\/fondationailesdupapillon.com\/es\/wp-json\/wp\/v2\/pages\/1456\/revisions"}],"predecessor-version":[{"id":1643,"href":"https:\/\/fondationailesdupapillon.com\/es\/wp-json\/wp\/v2\/pages\/1456\/revisions\/1643"}],"up":[{"embeddable":true,"href":"https:\/\/fondationailesdupapillon.com\/es\/wp-json\/wp\/v2\/pages\/1445"}],"wp:attachment":[{"href":"https:\/\/fondationailesdupapillon.com\/es\/wp-json\/wp\/v2\/media?parent=1456"}],"curies":[{"name":"wp","href":"https:\/\/api.w.org\/{rel}","templated":true}]}}